{"id":6047,"date":"2016-03-25T18:08:00","date_gmt":"2016-03-25T17:08:00","guid":{"rendered":"https:\/\/physiomobile.ca\/service\/?lang=en"},"modified":"2026-03-11T17:46:48","modified_gmt":"2026-03-11T16:46:48","slug":"services-and-rates","status":"publish","type":"page","link":"https:\/\/physiomobile.ca\/en\/services-and-rates\/","title":{"rendered":"Services and Rates"},"content":{"rendered":"[mk_page_section bg_image=&#8221;https:\/\/physiomobile.ca\/wp-content\/uploads\/2016\/03\/pageservicetopimage-1.jpg&#8221; bg_repeat=&#8221;no-repeat&#8221; bg_stretch=&#8221;true&#8221; video_opacity=&#8221;0&#8243; min_height=&#8221;0&#8243; padding_top=&#8221;100&#8243; padding_bottom=&#8221;100&#8243; section_id=&#8221;services&#8221; sidebar=&#8221;sidebar-1&#8243;][vc_column][mk_fancy_title tag_name=&#8221;h1&#8243; color=&#8221;#ffffff&#8221; size=&#8221;55&#8243; force_font_size=&#8221;true&#8221; size_phone=&#8221;45&#8243; font_weight=&#8221;400&#8243; margin_bottom=&#8221;0&#8243; font_family=&#8221;none&#8221;]Our Services[\/mk_fancy_title][mk_fancy_title color=&#8221;#ffffff&#8221; size=&#8221;45&#8243; force_font_size=&#8221;true&#8221; size_phone=&#8221;33&#8243; font_weight=&#8221;bold&#8221; font_family=&#8221;Raleway&#8221; font_type=&#8221;google&#8221;]Mobile to better promote YOUR mobility![\/mk_fancy_title][\/vc_column][\/mk_page_section][mk_page_section layout_structure=&#8221;half_left&#8221; bg_image=&#8221;https:\/\/physiomobile.ca\/wp-content\/uploads\/2016\/03\/pageequipe1-2.jpg&#8221; bg_color=&#8221;#ffffff&#8221; min_height=&#8221;0&#8243; full_width=&#8221;true&#8221; padding_top=&#8221;115&#8243; padding_bottom=&#8221;100&#8243; el_class=&#8221;white-background&#8221;][vc_column el_class=&#8221;no-padding-desktop&#8221;][mk_fancy_title color=&#8221;#ea142c&#8221; size=&#8221;48&#8243; force_font_size=&#8221;true&#8221; size_phone=&#8221;33&#8243; font_weight=&#8221;400&#8243; font_family=&#8221;Raleway&#8221; font_type=&#8221;google&#8221;]Our Physiotherapists: Partners in Your Recovery[\/mk_fancy_title][vc_column_text disable_pattern=&#8221;false&#8221;]PhysioMobile is a team made up <strong>exclusively<\/strong> of university-trained physiotherapists who are members in good standing with l\u2019Ordre professionnel de la physioth\u00e9rapie du Qu\u00e9bec.<\/p>\n<p>We are a group of highly competent and client-centred professionals, with experience working in multiple clinical practice areas. To better serve you, we regularly participate in continuing education courses to further broaden our knowledge and skills.<\/p>\n<p>On your first visit, your physiotherapist will perform a thorough evaluation and develop a personalized treatment plan that best responds to your specific needs and goals.<\/p>\n<p>Our focus is to treat, engage and support you, in order to facilitate your recovery and promote a healthy and active lifestyle.[\/vc_column_text][\/vc_column][\/mk_page_section][mk_page_section bg_color=&#8221;#f2f2f2&#8243; min_height=&#8221;0&#8243; padding_top=&#8221;80&#8243; padding_bottom=&#8221;85&#8243; el_class=&#8221;grey-background&#8221; sidebar=&#8221;sidebar-1&#8243;][vc_column el_class=&#8221;no-padding-desktop&#8221;][mk_fancy_title color=&#8221;#4b4d4f&#8221; size=&#8221;48&#8243; force_font_size=&#8221;true&#8221; size_phone=&#8221;33&#8243; font_weight=&#8221;400&#8243; font_family=&#8221;Raleway&#8221; font_type=&#8221;google&#8221; align=&#8221;center&#8221;]Access to Our Services[\/mk_fancy_title][vc_column_text disable_pattern=&#8221;false&#8221;]\n<p style=\"text-align: left;\">You do not require a doctor&#8217;s prescription to access our physiotherapy services.<\/p>\n<p>We are a registered service provider with the <a href=\"http:\/\/www.csst.qc.ca\/en\/Pages\/all_english_content.aspx\" target=\"_blank\" rel=\"noopener noreferrer\">Commission de la sant\u00e9 et de la s\u00e9curit\u00e9 du travail<\/a>, the <a href=\"http:\/\/saaq.gouv.qc.ca\/en\/\" target=\"_blank\" rel=\"noopener noreferrer\">Soci\u00e9t\u00e9 de l\u2019assurance automobile du Qu\u00e9bec<\/a>, and with <a href=\"http:\/\/www.veterans.gc.ca\/eng\" target=\"_blank\" rel=\"noopener noreferrer\">Veterans Affairs Canada<\/a>.[\/vc_column_text][\/vc_column][\/mk_page_section][mk_page_section layout_structure=&#8221;half_right&#8221; bg_image=&#8221;https:\/\/physiomobile.ca\/wp-content\/uploads\/2016\/03\/Pageservice2.jpg&#8221; min_height=&#8221;0&#8243; full_width=&#8221;true&#8221; padding_top=&#8221;115&#8243; padding_bottom=&#8221;100&#8243; section_id=&#8221;orthopedie&#8221;][vc_column el_class=&#8221;no-padding-desktop&#8221;][mk_fancy_title color=&#8221;#ea142c&#8221; size=&#8221;48&#8243; force_font_size=&#8221;true&#8221; size_tablet=&#8221;40&#8243; size_phone=&#8221;33&#8243; font_weight=&#8221;400&#8243; txt_transform=&#8221;capitalize&#8221; font_family=&#8221;Raleway&#8221; font_type=&#8221;google&#8221;]Orthopaedics[\/mk_fancy_title][vc_column_text disable_pattern=&#8221;false&#8221;]Our therapists can assist you to control your pain and regain mobility following an injury or surgery to your musculoskeletal system. The musculoskeletal system is comprised of the joints, muscles and bones of your body.<\/p>\n<p>We use a combination of hands-on treatment, exercise and education to assist you in your recovery. Example treatment techniques can include: manual therapy, McKenzie MDT method, therapeutic exercise, Active Release techniques, global postural re-education, and therapeutic modalities.<\/p>\n<p><strong>We offer treatment for the following:<\/strong><\/p>\n<ul>\n<li>Fractures<\/li>\n<li>Sprains and strains<br \/>\n<span style=\"color: #808080;\">(e.g. muscle or ligament tears, tendinitis, tennis or golfer&#8217;s elbow, plantar faciitis)<\/span><\/li>\n<li>Joint-related pain or stiffness<br \/>\n<span style=\"color: #808080;\">(e.g. arthritis, frozen shoulder, joint dislocation, bursitis, patello-femoral syndrome)<\/span><\/li>\n<li>Following an orthopaedic surgery<br \/>\n<span style=\"color: #808080;\">(e.g. hip or knee replacement, ligament repair, meniscus repair, fixation following a fracture (pins &amp; plates), spinal fusion)<\/span><\/li>\n<li>Neck or back pain<br \/>\n<span style=\"color: #808080;\">(e.g. muscle tension, pinched nerve, sciatica, spinal stenosis, disc herniation, whiplash)<\/span><\/li>\n<li>Osteoporosis<\/li>\n<li>Postural or alignment issues<\/li>\n<li>Sports, work or accident-related injuries<\/li>\n<\/ul>\n<ul>\n<li style=\"list-style-type: none;\"><\/li>\n<\/ul>\n<ul>\n<li style=\"list-style-type: none;\"><\/li>\n<\/ul>\n[\/vc_column_text][\/vc_column][\/mk_page_section][mk_page_section layout_structure=&#8221;half_left&#8221; bg_image=&#8221;https:\/\/physiomobile.ca\/wp-content\/uploads\/2016\/03\/pageservice3.jpg&#8221; bg_color=&#8221;#ffffff&#8221; min_height=&#8221;0&#8243; full_width=&#8221;true&#8221; padding_top=&#8221;115&#8243; padding_bottom=&#8221;100&#8243; section_id=&#8221;neurologie&#8221;][vc_column el_class=&#8221;no-padding-desktop&#8221;][mk_fancy_title color=&#8221;#ea142c&#8221; size=&#8221;48&#8243; force_font_size=&#8221;true&#8221; size_tablet=&#8221;40&#8243; size_phone=&#8221;33&#8243; font_weight=&#8221;400&#8243; txt_transform=&#8221;capitalize&#8221; font_family=&#8221;Raleway&#8221; font_type=&#8221;google&#8221;]Neurology[\/mk_fancy_title][vc_column_text disable_pattern=&#8221;false&#8221;]Our physiotherapists intervene with individuals recovering from a neurological condition by helping them to regain their physical and functional abilities.\u00a0 If you are experiencing pain, decreased balance and\/or reduced mobility from your condition, we can help.<\/p>\n<p><strong>We offer treatment for the following:<\/strong><\/p>\n<ul>\n<li>Stroke<\/li>\n<li>Traumatic brain injury<\/li>\n<li>Spinal cord injury<\/li>\n<li>Peripheral nerve injury<\/li>\n<li>Parkinson\u2019s disease<\/li>\n<li>Multiple sclerosis<\/li>\n<li>Amyotrophic lateral sclerosis<\/li>\n<li>Rehabilitation following a neurosurgery<\/li>\n<\/ul>\n[\/vc_column_text][\/vc_column][\/mk_page_section][mk_page_section layout_structure=&#8221;half_right&#8221; bg_image=&#8221;https:\/\/physiomobile.ca\/wp-content\/uploads\/2016\/03\/pageservice4.jpg&#8221; bg_color=&#8221;#ffffff&#8221; min_height=&#8221;0&#8243; full_width=&#8221;true&#8221; padding_top=&#8221;115&#8243; padding_bottom=&#8221;100&#8243; section_id=&#8221;geriatrie&#8221;][vc_column el_class=&#8221;no-padding-desktop&#8221;][mk_fancy_title color=&#8221;#ea142c&#8221; size=&#8221;48&#8243; force_font_size=&#8221;true&#8221; size_tablet=&#8221;40&#8243; size_phone=&#8221;33&#8243; font_weight=&#8221;400&#8243; txt_transform=&#8221;capitalize&#8221; font_family=&#8221;Raleway&#8221; font_type=&#8221;google&#8221;]Geriatrics[\/mk_fancy_title][vc_column_text disable_pattern=&#8221;false&#8221;]We specialize in working with older adults who may be experiencing pain from a chronic condition or decline in their physical ability and function. Our goal is to work with you in order to keep you active, maintain your physical independence and improve your quality of life during these golden years.<\/p>\n<p><strong>We offer treatment for the following:<\/strong><\/p>\n<ul>\n<li>Reduced mobility,\u00a0balance and walking difficulties.<\/li>\n<li>General de-conditioning such as decreased physical strength and endurance.<\/li>\n<li>Fall prevention<\/li>\n<\/ul>\n[\/vc_column_text][\/vc_column][\/mk_page_section][mk_page_section layout_structure=&#8221;half_left&#8221; bg_image=&#8221;https:\/\/physiomobile.ca\/wp-content\/uploads\/2016\/03\/pageservice5-1.jpg&#8221; bg_color=&#8221;#ffffff&#8221; min_height=&#8221;0&#8243; full_width=&#8221;true&#8221; padding_top=&#8221;115&#8243; padding_bottom=&#8221;100&#8243; section_id=&#8221;readaptation-fonctionnelle&#8221;][vc_column el_class=&#8221;no-padding-desktop&#8221;][mk_fancy_title color=&#8221;#ea142c&#8221; size=&#8221;48&#8243; force_font_size=&#8221;true&#8221; size_tablet=&#8221;40&#8243; size_phone=&#8221;33&#8243; font_weight=&#8221;400&#8243; font_family=&#8221;Raleway&#8221; font_type=&#8221;google&#8221;]Functional rehabilitation[\/mk_fancy_title][vc_column_text disable_pattern=&#8221;false&#8221;]Our\u00a0tailored functional rehabilitation program\u00a0is designed to assist you once you are discharged home following a prolonged stay at a hospital, convalescence home or physical rehabilitation centre.<\/p>\n<p>Our aim is to continue to assist you in your recovery by facilitating the transition back to your home environment. We will help you to regain your strength, endurance and physical independence, in order to be safe at home and resume your activities of daily living.[\/vc_column_text][\/vc_column][\/mk_page_section][mk_page_section layout_structure=&#8221;half_right&#8221; bg_image=&#8221;https:\/\/physiomobile.ca\/wp-content\/uploads\/2016\/03\/pageservice7-1.jpg&#8221; bg_color=&#8221;#ffffff&#8221; min_height=&#8221;0&#8243; full_width=&#8221;true&#8221; padding_top=&#8221;115&#8243; padding_bottom=&#8221;100&#8243; section_id=&#8221;services-complementaires&#8221;][vc_column el_class=&#8221;no-padding-desktop&#8221;][mk_fancy_title color=&#8221;#ea142c&#8221; size=&#8221;48&#8243; force_font_size=&#8221;true&#8221; size_tablet=&#8221;40&#8243; size_phone=&#8221;33&#8243; font_weight=&#8221;400&#8243; font_family=&#8221;Raleway&#8221; font_type=&#8221;google&#8221;]Complementary services[\/mk_fancy_title][vc_column_text disable_pattern=&#8221;false&#8221;]PhysioMobile also offers the following services:<\/p>\n<ul>\n<li>Chest physiotherapy (for cardiac or respiratory conditions)<\/li>\n<li>Pool therapy<\/li>\n<li>Cancer rehabilitation<\/li>\n<\/ul>\n<p style=\"text-align: justify;\">[mk_font_icons icon=&#8221;icon-wheelchair&#8221; color=&#8221;#777777&#8243; size=&#8221;medium&#8221;]We also offer\u00a0evaluations for those\u00a0who wish to apply\u00a0for a disabled parking permit and\/or paratransit services.<\/p>\n[\/vc_column_text][\/vc_column][\/mk_page_section][mk_page_section bg_color=&#8221;#f2f2f2&#8243; min_height=&#8221;0&#8243; padding_top=&#8221;75&#8243; padding_bottom=&#8221;85&#8243; section_id=&#8221;rates&#8221; el_class=&#8221;grey-background tarification&#8221; sidebar=&#8221;sidebar-1&#8243;][vc_column el_class=&#8221;no-padding-desktop&#8221;][mk_fancy_title color=&#8221;#ea142c&#8221; size=&#8221;48&#8243; force_font_size=&#8221;true&#8221; size_phone=&#8221;33&#8243; font_weight=&#8221;400&#8243; txt_transform=&#8221;none&#8221; font_family=&#8221;Raleway&#8221; font_type=&#8221;google&#8221; align=&#8221;center&#8221;]RATES[\/mk_fancy_title][vc_column_text disable_pattern=&#8221;false&#8221; css=&#8221;.vc_custom_1746100919413{margin-bottom: 0px !important;}&#8221;]\n<h3 style=\"text-align: justify;\">Physiotherapy services<\/h3>\n<p>Initial evaluation: <strong>$160<\/strong><\/p>\n<p>Treatment: <strong>$160<\/strong><\/p>\n<p>*We do not charge additional travel fees.<\/p>\n<h3 style=\"text-align: justify;\">What our rates include<\/h3>\n<p style=\"text-align: justify;\">The travel time of the physiotherapist, who will come to you.<\/p>\n<p>On site interventions provided by an experienced, university graduate, OPPQ-licensed physiotherapist.<\/p>\n<p>A one-hour visit (entry\/exit):<\/p>\n<ul>\n<li>At home: expect a 50 minute physiotherapy session;<\/li>\n<li>In Public Health Care settings: expect a 40-50 minute physiotherapy session, depending on the &#8220;Policies &amp; Procedures&#8221; of the setting.<\/li>\n<\/ul>\n<p style=\"text-align: justify;\">Payment is required\u00a0immediately after reception of services.<\/p>\n<p style=\"text-align: justify;\">Physiotherapy receipts are provided, which can be used towards private insurance claims and\/or as deductible medical expenses with your income taxes.<\/p>\n<h3><span style=\"caret-color: #000000;\">Cancellation policy<\/span><\/h3>\n<p>Same day cancellation: <strong>$95<\/strong><\/p>\n<h3 style=\"text-align: justify;\">Accepted payment modalities<\/h3>\n<p style=\"text-align: justify;\">Cash, cheque (to the order of PhysioMobile), debit card and credit card (Visa, MasterCard, American Express).<\/p>\n[\/vc_column_text][\/vc_column][\/mk_page_section]\n","protected":false},"excerpt":{"rendered":"<p>[mk_page_section bg_image=&#8221;https:\/\/physiomobile.ca\/wp-content\/uploads\/2016\/03\/pageservicetopimage-1.jpg&#8221; bg_repeat=&#8221;no-repeat&#8221; bg_stretch=&#8221;true&#8221; video_opacity=&#8221;0&#8243; min_height=&#8221;0&#8243; padding_top=&#8221;100&#8243; padding_bottom=&#8221;100&#8243; section_id=&#8221;services&#8221; sidebar=&#8221;sidebar-1&#8243;][vc_column][mk_fancy_title tag_name=&#8221;h1&#8243; color=&#8221;#ffffff&#8221; size=&#8221;55&#8243; force_font_size=&#8221;true&#8221; size_phone=&#8221;45&#8243; font_weight=&#8221;400&#8243; margin_bottom=&#8221;0&#8243; font_family=&#8221;none&#8221;]Our Services[\/mk_fancy_title][mk_fancy_title color=&#8221;#ffffff&#8221; size=&#8221;45&#8243; force_font_size=&#8221;true&#8221; size_phone=&#8221;33&#8243; font_weight=&#8221;bold&#8221; font_family=&#8221;Raleway&#8221; font_type=&#8221;google&#8221;]Mobile to better promote YOUR mobility![\/mk_fancy_title][\/vc_column][\/mk_page_section][mk_page_section layout_structure=&#8221;half_left&#8221; bg_image=&#8221;https:\/\/physiomobile.ca\/wp-content\/uploads\/2016\/03\/pageequipe1-2.jpg&#8221; bg_color=&#8221;#ffffff&#8221; min_height=&#8221;0&#8243; full_width=&#8221;true&#8221; padding_top=&#8221;115&#8243; padding_bottom=&#8221;100&#8243; el_class=&#8221;white-background&#8221;][vc_column el_class=&#8221;no-padding-desktop&#8221;][mk_fancy_title color=&#8221;#ea142c&#8221; size=&#8221;48&#8243; force_font_size=&#8221;true&#8221; size_phone=&#8221;33&#8243; font_weight=&#8221;400&#8243; font_family=&#8221;Raleway&#8221; font_type=&#8221;google&#8221;]Our Physiotherapists: Partners in Your Recovery[\/mk_fancy_title][vc_column_text disable_pattern=&#8221;false&#8221;]PhysioMobile is a [&hellip;]<\/p>\n","protected":false},"author":1,"featured_media":0,"parent":0,"menu_order":0,"comment_status":"closed","ping_status":"closed","template":"","meta":{"_acf_changed":false,"footnotes":""},"class_list":["post-6047","page","type-page","status-publish","hentry"],"acf":[],"yoast_head":"<!-- This site is optimized with the Yoast SEO plugin v26.3 - https:\/\/yoast.com\/wordpress\/plugins\/seo\/ -->\n<title>PhysioMobile: Physiotherapy in your own home! | Services and Rates<\/title>\n<meta name=\"description\" content=\"Find out about the different conditions and types of clienteles we see in our practice, and all the details of the rates associated with our services.\" \/>\n<meta name=\"robots\" content=\"index, follow, max-snippet:-1, max-image-preview:large, max-video-preview:-1\" \/>\n<link rel=\"canonical\" href=\"https:\/\/physiomobile.ca\/en\/services-and-rates\/\" \/>\n<meta property=\"og:locale\" content=\"en_US\" \/>\n<meta property=\"og:type\" content=\"article\" \/>\n<meta property=\"og:title\" content=\"PhysioMobile: Physiotherapy in your own home! | Services and Rates\" \/>\n<meta property=\"og:description\" content=\"Find out about the different conditions and types of clienteles we see in our practice, and all the details of the rates associated with our services.\" \/>\n<meta property=\"og:url\" content=\"https:\/\/physiomobile.ca\/en\/services-and-rates\/\" \/>\n<meta property=\"og:site_name\" content=\"PhysioMobile\" \/>\n<meta property=\"article:publisher\" content=\"https:\/\/www.facebook.com\/physiomobile.ca\/\" \/>\n<meta property=\"article:modified_time\" content=\"2026-03-11T16:46:48+00:00\" \/>\n<meta property=\"og:image\" content=\"https:\/\/physiomobile.ca\/wp-content\/uploads\/2016\/04\/logophysio.jpg\" \/>\n\t<meta property=\"og:image:width\" content=\"1288\" \/>\n\t<meta property=\"og:image:height\" content=\"200\" \/>\n\t<meta property=\"og:image:type\" content=\"image\/jpeg\" \/>\n<meta name=\"twitter:card\" content=\"summary_large_image\" \/>\n<meta name=\"twitter:label1\" content=\"Est. reading time\" \/>\n\t<meta name=\"twitter:data1\" content=\"5 minutes\" \/>\n<script type=\"application\/ld+json\" class=\"yoast-schema-graph\">{\"@context\":\"https:\/\/schema.org\",\"@graph\":[{\"@type\":\"WebPage\",\"@id\":\"https:\/\/physiomobile.ca\/en\/services-and-rates\/\",\"url\":\"https:\/\/physiomobile.ca\/en\/services-and-rates\/\",\"name\":\"PhysioMobile: Physiotherapy in your own home! | Services and Rates\",\"isPartOf\":{\"@id\":\"https:\/\/physiomobile.ca\/en\/#website\"},\"datePublished\":\"2016-03-25T17:08:00+00:00\",\"dateModified\":\"2026-03-11T16:46:48+00:00\",\"description\":\"Find out about the different conditions and types of clienteles we see in our practice, and all the details of the rates associated with our services.\",\"breadcrumb\":{\"@id\":\"https:\/\/physiomobile.ca\/en\/services-and-rates\/#breadcrumb\"},\"inLanguage\":\"en-US\",\"potentialAction\":[{\"@type\":\"ReadAction\",\"target\":[\"https:\/\/physiomobile.ca\/en\/services-and-rates\/\"]}]},{\"@type\":\"BreadcrumbList\",\"@id\":\"https:\/\/physiomobile.ca\/en\/services-and-rates\/#breadcrumb\",\"itemListElement\":[{\"@type\":\"ListItem\",\"position\":1,\"name\":\"Accueil\",\"item\":\"https:\/\/physiomobile.ca\/en\/\"},{\"@type\":\"ListItem\",\"position\":2,\"name\":\"Services and Rates\"}]},{\"@type\":\"WebSite\",\"@id\":\"https:\/\/physiomobile.ca\/en\/#website\",\"url\":\"https:\/\/physiomobile.ca\/en\/\",\"name\":\"PhysioMobile\",\"description\":\"\",\"publisher\":{\"@id\":\"https:\/\/physiomobile.ca\/en\/#organization\"},\"potentialAction\":[{\"@type\":\"SearchAction\",\"target\":{\"@type\":\"EntryPoint\",\"urlTemplate\":\"https:\/\/physiomobile.ca\/en\/?s={search_term_string}\"},\"query-input\":{\"@type\":\"PropertyValueSpecification\",\"valueRequired\":true,\"valueName\":\"search_term_string\"}}],\"inLanguage\":\"en-US\"},{\"@type\":\"Organization\",\"@id\":\"https:\/\/physiomobile.ca\/en\/#organization\",\"name\":\"PhysioMobile\",\"url\":\"https:\/\/physiomobile.ca\/en\/\",\"logo\":{\"@type\":\"ImageObject\",\"inLanguage\":\"en-US\",\"@id\":\"https:\/\/physiomobile.ca\/en\/#\/schema\/logo\/image\/\",\"url\":\"https:\/\/physiomobile.ca\/wp-content\/uploads\/2016\/03\/Logo-PhysioMobile-blanc.png\",\"contentUrl\":\"https:\/\/physiomobile.ca\/wp-content\/uploads\/2016\/03\/Logo-PhysioMobile-blanc.png\",\"width\":345,\"height\":54,\"caption\":\"PhysioMobile\"},\"image\":{\"@id\":\"https:\/\/physiomobile.ca\/en\/#\/schema\/logo\/image\/\"},\"sameAs\":[\"https:\/\/www.facebook.com\/physiomobile.ca\/\"]}]}<\/script>\n<!-- \/ Yoast SEO plugin. -->","yoast_head_json":{"title":"PhysioMobile: Physiotherapy in your own home! | Services and Rates","description":"Find out about the different conditions and types of clienteles we see in our practice, and all the details of the rates associated with our services.","robots":{"index":"index","follow":"follow","max-snippet":"max-snippet:-1","max-image-preview":"max-image-preview:large","max-video-preview":"max-video-preview:-1"},"canonical":"https:\/\/physiomobile.ca\/en\/services-and-rates\/","og_locale":"en_US","og_type":"article","og_title":"PhysioMobile: Physiotherapy in your own home! | Services and Rates","og_description":"Find out about the different conditions and types of clienteles we see in our practice, and all the details of the rates associated with our services.","og_url":"https:\/\/physiomobile.ca\/en\/services-and-rates\/","og_site_name":"PhysioMobile","article_publisher":"https:\/\/www.facebook.com\/physiomobile.ca\/","article_modified_time":"2026-03-11T16:46:48+00:00","og_image":[{"width":1288,"height":200,"url":"https:\/\/physiomobile.ca\/wp-content\/uploads\/2016\/04\/logophysio.jpg","type":"image\/jpeg"}],"twitter_card":"summary_large_image","twitter_misc":{"Est. reading time":"5 minutes"},"schema":{"@context":"https:\/\/schema.org","@graph":[{"@type":"WebPage","@id":"https:\/\/physiomobile.ca\/en\/services-and-rates\/","url":"https:\/\/physiomobile.ca\/en\/services-and-rates\/","name":"PhysioMobile: Physiotherapy in your own home! | Services and Rates","isPartOf":{"@id":"https:\/\/physiomobile.ca\/en\/#website"},"datePublished":"2016-03-25T17:08:00+00:00","dateModified":"2026-03-11T16:46:48+00:00","description":"Find out about the different conditions and types of clienteles we see in our practice, and all the details of the rates associated with our services.","breadcrumb":{"@id":"https:\/\/physiomobile.ca\/en\/services-and-rates\/#breadcrumb"},"inLanguage":"en-US","potentialAction":[{"@type":"ReadAction","target":["https:\/\/physiomobile.ca\/en\/services-and-rates\/"]}]},{"@type":"BreadcrumbList","@id":"https:\/\/physiomobile.ca\/en\/services-and-rates\/#breadcrumb","itemListElement":[{"@type":"ListItem","position":1,"name":"Accueil","item":"https:\/\/physiomobile.ca\/en\/"},{"@type":"ListItem","position":2,"name":"Services and Rates"}]},{"@type":"WebSite","@id":"https:\/\/physiomobile.ca\/en\/#website","url":"https:\/\/physiomobile.ca\/en\/","name":"PhysioMobile","description":"","publisher":{"@id":"https:\/\/physiomobile.ca\/en\/#organization"},"potentialAction":[{"@type":"SearchAction","target":{"@type":"EntryPoint","urlTemplate":"https:\/\/physiomobile.ca\/en\/?s={search_term_string}"},"query-input":{"@type":"PropertyValueSpecification","valueRequired":true,"valueName":"search_term_string"}}],"inLanguage":"en-US"},{"@type":"Organization","@id":"https:\/\/physiomobile.ca\/en\/#organization","name":"PhysioMobile","url":"https:\/\/physiomobile.ca\/en\/","logo":{"@type":"ImageObject","inLanguage":"en-US","@id":"https:\/\/physiomobile.ca\/en\/#\/schema\/logo\/image\/","url":"https:\/\/physiomobile.ca\/wp-content\/uploads\/2016\/03\/Logo-PhysioMobile-blanc.png","contentUrl":"https:\/\/physiomobile.ca\/wp-content\/uploads\/2016\/03\/Logo-PhysioMobile-blanc.png","width":345,"height":54,"caption":"PhysioMobile"},"image":{"@id":"https:\/\/physiomobile.ca\/en\/#\/schema\/logo\/image\/"},"sameAs":["https:\/\/www.facebook.com\/physiomobile.ca\/"]}]}},"_links":{"self":[{"href":"https:\/\/physiomobile.ca\/en\/wp-json\/wp\/v2\/pages\/6047","targetHints":{"allow":["GET"]}}],"collection":[{"href":"https:\/\/physiomobile.ca\/en\/wp-json\/wp\/v2\/pages"}],"about":[{"href":"https:\/\/physiomobile.ca\/en\/wp-json\/wp\/v2\/types\/page"}],"author":[{"embeddable":true,"href":"https:\/\/physiomobile.ca\/en\/wp-json\/wp\/v2\/users\/1"}],"replies":[{"embeddable":true,"href":"https:\/\/physiomobile.ca\/en\/wp-json\/wp\/v2\/comments?post=6047"}],"version-history":[{"count":130,"href":"https:\/\/physiomobile.ca\/en\/wp-json\/wp\/v2\/pages\/6047\/revisions"}],"predecessor-version":[{"id":7464,"href":"https:\/\/physiomobile.ca\/en\/wp-json\/wp\/v2\/pages\/6047\/revisions\/7464"}],"wp:attachment":[{"href":"https:\/\/physiomobile.ca\/en\/wp-json\/wp\/v2\/media?parent=6047"}],"curies":[{"name":"wp","href":"https:\/\/api.w.org\/{rel}","templated":true}]}}